{"id":7020,"date":"2018-03-03T16:13:29","date_gmt":"2018-03-03T16:13:29","guid":{"rendered":"https:\/\/emkapdecor.comgaleri\/"},"modified":"2023-11-12T18:17:06","modified_gmt":"2023-11-12T15:17:06","slug":"gallery","status":"publish","type":"page","link":"https:\/\/emkapdecor.com\/en\/gallery\/","title":{"rendered":"GALLERY"},"content":{"rendered":"\t\t<div data-elementor-type=\"wp-page\" data-elementor-id=\"7020\" class=\"elementor elementor-7020 elementor-6743\">\n\t\t\t\t\t\t<section class=\"elementor-section elementor-top-section elementor-element elementor-element-1bfeb9cd elementor-section-content-middle rt-background-text elementor-section-boxed elementor-section-height-default elementor-section-height-default default-style\" data-id=\"1bfeb9cd\" data-element_type=\"section\" data-e-type=\"section\" data-settings=\"{&quot;background_background&quot;:&quot;classic&quot;,&quot;rt_color_sets&quot;:&quot;default-style&quot;}\">\n\t\t\t\t\t\t<div class=\"elementor-container elementor-column-gap-default\">\n\t\t\t\t\t<div class=\"elementor-column elementor-col-100 elementor-top-column elementor-element elementor-element-41776bbd\" data-id=\"41776bbd\" data-element_type=\"column\" data-e-type=\"column\">\n\t\t\t<div class=\"elementor-widget-wrap elementor-element-populated\">\n\t\t\t\t\t\t<div class=\"elementor-element elementor-element-5facd652 elementor-widget elementor-widget-rt-heading\" data-id=\"5facd652\" data-element_type=\"widget\" data-e-type=\"widget\" data-widget_type=\"rt-heading.default\">\n\t\t\t\t<div class=\"elementor-widget-container\">\n\t\t\t\t\t<div class=\"rt-heading-wrapper text-center\">\n\t\t\t\t\t\t<span class=\"   rt-heading secondary-color secondary-font\" >from Our Exhibitions, Products and Dealers<\/span>\n\t\t\t\t\t<\/div>\t\t\t\t<\/div>\n\t\t\t\t<\/div>\n\t\t\t\t<div class=\"elementor-element elementor-element-2f788bbd elementor-widget elementor-widget-rt-heading\" data-id=\"2f788bbd\" data-element_type=\"widget\" data-e-type=\"widget\" data-widget_type=\"rt-heading.default\">\n\t\t\t\t<div class=\"elementor-widget-container\">\n\t\t\t\t\t<div class=\"rt-heading-wrapper style-4\">\n\t\t\t\t\t\t<H2 class=\"   rt-heading style-4\" >Photo&Video <svg width=\"95\" height=\"10\" viewBox=\"0 0 95 10\" xmlns=\"http:\/\/www.w3.org\/2000\/svg\"><path d=\"M1 8l11.54-6 11.538 6 11.54-6 11.538 6 11.538-6 11.54 6L81.77 2 94 8\" stroke-width=\"3\" stroke=\"#6CC139\" fill=\"none\" fill-rule=\"evenodd\"\/><\/svg><\/H2>\n\t\t\t\t\t<\/div>\t\t\t\t<\/div>\n\t\t\t\t<\/div>\n\t\t\t\t\t<\/div>\n\t\t<\/div>\n\t\t\t\t\t<\/div>\n\t\t<\/section>\n\t\t\t\t<section class=\"elementor-section elementor-top-section elementor-element elementor-element-97664e9 elementor-section-boxed elementor-section-height-default elementor-section-height-default default-style\" data-id=\"97664e9\" data-element_type=\"section\" data-e-type=\"section\" data-settings=\"{&quot;rt_color_sets&quot;:&quot;default-style&quot;}\">\n\t\t\t\t\t\t<div class=\"elementor-container elementor-column-gap-default\">\n\t\t\t\t\t<div class=\"elementor-column elementor-col-100 elementor-top-column elementor-element elementor-element-cb0bdb6\" data-id=\"cb0bdb6\" data-element_type=\"column\" data-e-type=\"column\">\n\t\t\t<div class=\"elementor-widget-wrap elementor-element-populated\">\n\t\t\t\t\t\t<div class=\"elementor-element elementor-element-440662b animated-fast elementor-invisible elementor-widget elementor-widget-rt-portfolio\" data-id=\"440662b\" data-element_type=\"widget\" data-e-type=\"widget\" data-settings=\"{&quot;_animation&quot;:&quot;slideInLeft&quot;}\" data-widget_type=\"rt-portfolio.default\">\n\t\t\t\t<div class=\"elementor-widget-container\">\n\t\t\t\t\t\n<div id=\"portfolio-dynamicID-841510\" class=\"portfolio_list rt-gallery fixed_heights grid-gallery\" data-column-width=\"3\">\n<div class=\"row fixed_heights\">\n<div class=\"col col-12 col-sm-4   portfolio-108\">\n \n\n<!-- portfolio box-->\n<div class=\"loop style-2 hover-1 image post-10682 portfolio type-portfolio status-publish has-post-thumbnail hentry portfolio_categories-exhibitions\" id=\"portfolio-10682\">\n\n\t<div class=\"portfolio-loop-item-wrapper\">\n\t\t\n\n\t\t\t\t\t\t<figure class=\"image-thumbnail\">\n\t\t\t\t\t\t\t<a href=\"https:\/\/emkapdecor.com\/en\/portfolio\/eurasia-window-2024\/\" target=\"_self\" title=\"Eurasia Window 2024\"><img fetchpriority=\"high\" decoding=\"async\" src=\"https:\/\/emkapdecor.com\/wp-content\/uploads\/2024\/11\/eurasia-window-2024-32-400x267.jpeg\" alt=\"\" class=\"\" width=\"400\" height=\"267\" \/><\/a>\n\t\t\t\t\t\t<\/figure>\n\n\t\t\t\t\t\t<div class=\"visible-title-wrapper\">\n\t\t\t\t\t\t\t<h5 class=\"title visible-title\">Eurasia Window 2024<\/h5>\n\t\t\t\t\t\t<\/div>\n\n\t\t\t\t\t\t<div class=\"overlay\">\n\n\t\t\t\t\t\t\t<section class=\"text\">\n\t\t\t\t\t\t\t\t<h5 class=\"title\"><a href=\"https:\/\/emkapdecor.com\/en\/portfolio\/eurasia-window-2024\/\" target=\"_self\" rel=\"bookmark\">Eurasia Window 2024<\/a><\/h5>\n\t\t\t\t\t\t\t\t<span class=\"terms\"><a href=\"https:\/\/emkapdecor.com\/en\/portfolio-category\/exhibitions\/\" rel=\"tag\">Exhibitions<\/a><\/span>\n\t\t\t\t\t\t\t\t\t\t\t\n\t\t\t\t\t\t\t<\/section> \t\n\n\t\t\t\t\t\t\t<a class=\"portfolio-link\" href=\"https:\/\/emkapdecor.com\/en\/portfolio\/eurasia-window-2024\/\" target=\"_self\"><\/a>\n\n\t\t\t\t\t\t<\/div>\n\n\t\t\t\t\t\t<\/div>\n<\/div> \n<!-- \/ portfolio box-->\n<\/div>\n<div class=\"col col-12 col-sm-4   portfolio-108\">\n \n\n<!-- portfolio box-->\n<div class=\"loop style-2 hover-1 image post-10520 portfolio type-portfolio status-publish has-post-thumbnail hentry portfolio_categories-exhibitions\" id=\"portfolio-10520\">\n\n\t<div class=\"portfolio-loop-item-wrapper\">\n\t\t\n\n\t\t\t\t\t\t<figure class=\"image-thumbnail\">\n\t\t\t\t\t\t\t<a href=\"https:\/\/emkapdecor.com\/en\/portfolio\/eurasia-window-2023\/\" target=\"_self\" title=\"Eurasia Window 2023\"><img decoding=\"async\" src=\"https:\/\/emkapdecor.com\/wp-content\/uploads\/2024\/08\/avrasya-cam-balkon-fuari-2023-13-400x267.jpeg\" alt=\"\" class=\"\" width=\"400\" height=\"267\" \/><\/a>\n\t\t\t\t\t\t<\/figure>\n\n\t\t\t\t\t\t<div class=\"visible-title-wrapper\">\n\t\t\t\t\t\t\t<h5 class=\"title visible-title\">Eurasia Window 2023<\/h5>\n\t\t\t\t\t\t<\/div>\n\n\t\t\t\t\t\t<div class=\"overlay\">\n\n\t\t\t\t\t\t\t<section class=\"text\">\n\t\t\t\t\t\t\t\t<h5 class=\"title\"><a href=\"https:\/\/emkapdecor.com\/en\/portfolio\/eurasia-window-2023\/\" target=\"_self\" rel=\"bookmark\">Eurasia Window 2023<\/a><\/h5>\n\t\t\t\t\t\t\t\t<span class=\"terms\"><a href=\"https:\/\/emkapdecor.com\/en\/portfolio-category\/exhibitions\/\" rel=\"tag\">Exhibitions<\/a><\/span>\n\t\t\t\t\t\t\t\t\t\t\t\n\t\t\t\t\t\t\t<\/section> \t\n\n\t\t\t\t\t\t\t<a class=\"portfolio-link\" href=\"https:\/\/emkapdecor.com\/en\/portfolio\/eurasia-window-2023\/\" target=\"_self\"><\/a>\n\n\t\t\t\t\t\t<\/div>\n\n\t\t\t\t\t\t<\/div>\n<\/div> \n<!-- \/ portfolio box-->\n<\/div>\n<div class=\"col col-12 col-sm-4   portfolio-108\">\n \n\n<!-- portfolio box-->\n<div class=\"loop style-2 hover-1 image post-9954 portfolio type-portfolio status-publish has-post-thumbnail hentry portfolio_categories-exhibitions\" id=\"portfolio-9954\">\n\n\t<div class=\"portfolio-loop-item-wrapper\">\n\t\t\n\n\t\t\t\t\t\t<figure class=\"image-thumbnail\">\n\t\t\t\t\t\t\t<a href=\"https:\/\/emkapdecor.com\/en\/portfolio\/eurasia-window-2022\/\" target=\"_self\" title=\"Eurasia Window 2022\"><img decoding=\"async\" src=\"https:\/\/emkapdecor.com\/wp-content\/uploads\/2023\/03\/avrasya-cam-balkon-2022-10-400x267.jpg\" alt=\"\" class=\"\" width=\"400\" height=\"267\" \/><\/a>\n\t\t\t\t\t\t<\/figure>\n\n\t\t\t\t\t\t<div class=\"visible-title-wrapper\">\n\t\t\t\t\t\t\t<h5 class=\"title visible-title\">Eurasia Window 2022<\/h5>\n\t\t\t\t\t\t<\/div>\n\n\t\t\t\t\t\t<div class=\"overlay\">\n\n\t\t\t\t\t\t\t<section class=\"text\">\n\t\t\t\t\t\t\t\t<h5 class=\"title\"><a href=\"https:\/\/emkapdecor.com\/en\/portfolio\/eurasia-window-2022\/\" target=\"_self\" rel=\"bookmark\">Eurasia Window 2022<\/a><\/h5>\n\t\t\t\t\t\t\t\t<span class=\"terms\"><a href=\"https:\/\/emkapdecor.com\/en\/portfolio-category\/exhibitions\/\" rel=\"tag\">Exhibitions<\/a><\/span>\n\t\t\t\t\t\t\t\t\t\t\t\n\t\t\t\t\t\t\t<\/section> \t\n\n\t\t\t\t\t\t\t<a class=\"portfolio-link\" href=\"https:\/\/emkapdecor.com\/en\/portfolio\/eurasia-window-2022\/\" target=\"_self\"><\/a>\n\n\t\t\t\t\t\t<\/div>\n\n\t\t\t\t\t\t<\/div>\n<\/div> \n<!-- \/ portfolio box-->\n<\/div>\n<\/div>\n<div class=\"row fixed_heights\">\n<div class=\"col col-12 col-sm-4   portfolio-108\">\n \n\n<!-- portfolio box-->\n<div class=\"loop style-2 hover-1 image post-9825 portfolio type-portfolio status-publish has-post-thumbnail hentry portfolio_categories-exhibitions\" id=\"portfolio-9825\">\n\n\t<div class=\"portfolio-loop-item-wrapper\">\n\t\t\n\n\t\t\t\t\t\t<figure class=\"image-thumbnail\">\n\t\t\t\t\t\t\t<a href=\"https:\/\/emkapdecor.com\/en\/portfolio\/eurasia-window-2020\/\" target=\"_self\" title=\"Eurasia Window 2020\"><img loading=\"lazy\" decoding=\"async\" src=\"https:\/\/emkapdecor.com\/wp-content\/uploads\/2020\/03\/avrasya-cam-balkon-2020-10-400x267.jpg\" alt=\"\" class=\"\" width=\"400\" height=\"267\" \/><\/a>\n\t\t\t\t\t\t<\/figure>\n\n\t\t\t\t\t\t<div class=\"visible-title-wrapper\">\n\t\t\t\t\t\t\t<h5 class=\"title visible-title\">Eurasia Window 2020<\/h5>\n\t\t\t\t\t\t<\/div>\n\n\t\t\t\t\t\t<div class=\"overlay\">\n\n\t\t\t\t\t\t\t<section class=\"text\">\n\t\t\t\t\t\t\t\t<h5 class=\"title\"><a href=\"https:\/\/emkapdecor.com\/en\/portfolio\/eurasia-window-2020\/\" target=\"_self\" rel=\"bookmark\">Eurasia Window 2020<\/a><\/h5>\n\t\t\t\t\t\t\t\t<span class=\"terms\"><a href=\"https:\/\/emkapdecor.com\/en\/portfolio-category\/exhibitions\/\" rel=\"tag\">Exhibitions<\/a><\/span>\n\t\t\t\t\t\t\t\t<p>\u00a0<\/p>\t\t\t\n\t\t\t\t\t\t\t<\/section> \t\n\n\t\t\t\t\t\t\t<a class=\"portfolio-link\" href=\"https:\/\/emkapdecor.com\/en\/portfolio\/eurasia-window-2020\/\" target=\"_self\"><\/a>\n\n\t\t\t\t\t\t<\/div>\n\n\t\t\t\t\t\t<\/div>\n<\/div> \n<!-- \/ portfolio box-->\n<\/div>\n<div class=\"col col-12 col-sm-4   portfolio-108\">\n \n\n<!-- portfolio box-->\n<div class=\"loop style-2 hover-1 image post-9776 portfolio type-portfolio status-publish has-post-thumbnail hentry portfolio_categories-exhibitions\" id=\"portfolio-9776\">\n\n\t<div class=\"portfolio-loop-item-wrapper\">\n\t\t\n\n\t\t\t\t\t\t<figure class=\"image-thumbnail\">\n\t\t\t\t\t\t\t<a href=\"https:\/\/emkapdecor.com\/en\/portfolio\/2019-eurasia-window-fair\/\" target=\"_self\" title=\"Eurasia Window Fair 2019 Photos\"><img loading=\"lazy\" decoding=\"async\" src=\"https:\/\/emkapdecor.com\/wp-content\/uploads\/2019\/03\/avrasya-cam-balkon-2019-12-400x267.jpg\" alt=\"\" class=\"\" width=\"400\" height=\"267\" \/><\/a>\n\t\t\t\t\t\t<\/figure>\n\n\t\t\t\t\t\t<div class=\"visible-title-wrapper\">\n\t\t\t\t\t\t\t<h5 class=\"title visible-title\">Eurasia Window Fair 2019 Photos<\/h5>\n\t\t\t\t\t\t<\/div>\n\n\t\t\t\t\t\t<div class=\"overlay\">\n\n\t\t\t\t\t\t\t<section class=\"text\">\n\t\t\t\t\t\t\t\t<h5 class=\"title\"><a href=\"https:\/\/emkapdecor.com\/en\/portfolio\/2019-eurasia-window-fair\/\" target=\"_self\" rel=\"bookmark\">Eurasia Window Fair 2019 Photos<\/a><\/h5>\n\t\t\t\t\t\t\t\t<span class=\"terms\"><a href=\"https:\/\/emkapdecor.com\/en\/portfolio-category\/exhibitions\/\" rel=\"tag\">Exhibitions<\/a><\/span>\n\t\t\t\t\t\t\t\t\t\t\t\n\t\t\t\t\t\t\t<\/section> \t\n\n\t\t\t\t\t\t\t<a class=\"portfolio-link\" href=\"https:\/\/emkapdecor.com\/en\/portfolio\/2019-eurasia-window-fair\/\" target=\"_self\"><\/a>\n\n\t\t\t\t\t\t<\/div>\n\n\t\t\t\t\t\t<\/div>\n<\/div> \n<!-- \/ portfolio box-->\n<\/div>\n<div class=\"col col-12 col-sm-4   portfolio-162 portfolio-111 portfolio-90\">\n \n\n<!-- portfolio box-->\n<div class=\"loop style-2 hover-1 video post-5727 portfolio type-portfolio status-publish has-post-thumbnail hentry portfolio_categories-guillotine-system portfolio_categories-technical-videos portfolio_categories-videos\" id=\"portfolio-5727\">\n\n\t<div class=\"portfolio-loop-item-wrapper\">\n\t\t\n\n\t\t\t\t\t\t<figure class=\"image-thumbnail\">\n\t\t\t\t\t\t\t<a href=\"https:\/\/emkapdecor.com\/en\/portfolio\/kupa-guillotine-glass-system-manufacturing-process\/\" target=\"_self\" title=\"Kupa Guillotine Glass System Manufacturing Process\"><img loading=\"lazy\" decoding=\"async\" src=\"https:\/\/emkapdecor.com\/wp-content\/uploads\/2018\/11\/Giyotin-Cam-Balkon-Imalati-400x267.jpg\" alt=\"Giyotin Cam Balkon \u0130malat\u0131\" class=\"\" width=\"400\" height=\"267\" \/><\/a>\n\t\t\t\t\t\t<\/figure>\n\n\t\t\t\t\t\t<div class=\"visible-title-wrapper\">\n\t\t\t\t\t\t\t<h5 class=\"title visible-title\">Kupa Guillotine Glass System Manufacturing Process<\/h5>\n\t\t\t\t\t\t<\/div>\n\n\t\t\t\t\t\t<div class=\"overlay\">\n\n\t\t\t\t\t\t\t<section class=\"text\">\n\t\t\t\t\t\t\t\t<h5 class=\"title\"><a href=\"https:\/\/emkapdecor.com\/en\/portfolio\/kupa-guillotine-glass-system-manufacturing-process\/\" target=\"_self\" rel=\"bookmark\">Kupa Guillotine Glass System Manufacturing Process<\/a><\/h5>\n\t\t\t\t\t\t\t\t<span class=\"terms\"><a href=\"https:\/\/emkapdecor.com\/en\/portfolio-category\/guillotine-system\/\" rel=\"tag\">Guillotine System<\/a>, <a href=\"https:\/\/emkapdecor.com\/en\/portfolio-category\/technical-videos\/\" rel=\"tag\">Technical Vid<\/a>, <a href=\"https:\/\/emkapdecor.com\/en\/portfolio-category\/videos\/\" rel=\"tag\">Videos<\/a><\/span>\n\t\t\t\t\t\t\t\t\t\t\t\n\t\t\t\t\t\t\t<\/section> \t\n\n\t\t\t\t\t\t\t<a class=\"portfolio-link\" href=\"https:\/\/emkapdecor.com\/en\/portfolio\/kupa-guillotine-glass-system-manufacturing-process\/\" target=\"_self\"><\/a>\n\n\t\t\t\t\t\t<\/div>\n\n\t\t\t\t\t\t<\/div>\n<\/div> \n<!-- \/ portfolio box-->\n<\/div>\n<\/div>\n<div class=\"row fixed_heights\">\n<div class=\"col col-12 col-sm-4   portfolio-162 portfolio-111 portfolio-90\">\n \n\n<!-- portfolio box-->\n<div class=\"loop style-2 hover-1 video post-5723 portfolio type-portfolio status-publish has-post-thumbnail hentry portfolio_categories-guillotine-system portfolio_categories-technical-videos portfolio_categories-videos\" id=\"portfolio-5723\">\n\n\t<div class=\"portfolio-loop-item-wrapper\">\n\t\t\n\n\t\t\t\t\t\t<figure class=\"image-thumbnail\">\n\t\t\t\t\t\t\t<a href=\"https:\/\/emkapdecor.com\/en\/portfolio\/kupa-guillotine-glass-system-assembly-process-double-glazed-guillotine\/\" target=\"_self\" title=\"Kupa Guillotine Glass System Assembly Process | Double Glazed Guillotine\"><img loading=\"lazy\" decoding=\"async\" src=\"https:\/\/emkapdecor.com\/wp-content\/uploads\/2018\/11\/Isicamli-Giyotin-Cam-Balkon-Montaji-400x267.jpg\" alt=\"Is\u0131caml\u0131 Giyotin Cam Balkon Montaj\u0131\" class=\"\" width=\"400\" height=\"267\" \/><\/a>\n\t\t\t\t\t\t<\/figure>\n\n\t\t\t\t\t\t<div class=\"visible-title-wrapper\">\n\t\t\t\t\t\t\t<h5 class=\"title visible-title\">Kupa Guillotine Glass System Assembly Process | Double Glazed Guillotine<\/h5>\n\t\t\t\t\t\t<\/div>\n\n\t\t\t\t\t\t<div class=\"overlay\">\n\n\t\t\t\t\t\t\t<section class=\"text\">\n\t\t\t\t\t\t\t\t<h5 class=\"title\"><a href=\"https:\/\/emkapdecor.com\/en\/portfolio\/kupa-guillotine-glass-system-assembly-process-double-glazed-guillotine\/\" target=\"_self\" rel=\"bookmark\">Kupa Guillotine Glass System Assembly Process | Double Glazed Guillotine<\/a><\/h5>\n\t\t\t\t\t\t\t\t<span class=\"terms\"><a href=\"https:\/\/emkapdecor.com\/en\/portfolio-category\/guillotine-system\/\" rel=\"tag\">Guillotine System<\/a>, <a href=\"https:\/\/emkapdecor.com\/en\/portfolio-category\/technical-videos\/\" rel=\"tag\">Technical Vid<\/a>, <a href=\"https:\/\/emkapdecor.com\/en\/portfolio-category\/videos\/\" rel=\"tag\">Videos<\/a><\/span>\n\t\t\t\t\t\t\t\t\t\t\t\n\t\t\t\t\t\t\t<\/section> \t\n\n\t\t\t\t\t\t\t<a class=\"portfolio-link\" href=\"https:\/\/emkapdecor.com\/en\/portfolio\/kupa-guillotine-glass-system-assembly-process-double-glazed-guillotine\/\" target=\"_self\"><\/a>\n\n\t\t\t\t\t\t<\/div>\n\n\t\t\t\t\t\t<\/div>\n<\/div> \n<!-- \/ portfolio box-->\n<\/div>\n<div class=\"col col-12 col-sm-4   portfolio-162 portfolio-111 portfolio-90\">\n \n\n<!-- portfolio box-->\n<div class=\"loop style-2 hover-1 video post-5719 portfolio type-portfolio status-publish has-post-thumbnail hentry portfolio_categories-guillotine-system portfolio_categories-technical-videos portfolio_categories-videos\" id=\"portfolio-5719\">\n\n\t<div class=\"portfolio-loop-item-wrapper\">\n\t\t\n\n\t\t\t\t\t\t<figure class=\"image-thumbnail\">\n\t\t\t\t\t\t\t<a href=\"https:\/\/emkapdecor.com\/en\/portfolio\/guillotine-glass-system-manufacturing-calculations\/\" target=\"_self\" title=\"Guillotine Glass System Manufacturing Calculations\"><img loading=\"lazy\" decoding=\"async\" src=\"https:\/\/emkapdecor.com\/wp-content\/uploads\/2021\/11\/giyotin-cam-balkon-silinebilir-3-400x267.jpg\" alt=\"Silinebilir Giyotin Cam Balkon\" class=\"\" width=\"400\" height=\"267\" \/><\/a>\n\t\t\t\t\t\t<\/figure>\n\n\t\t\t\t\t\t<div class=\"visible-title-wrapper\">\n\t\t\t\t\t\t\t<h5 class=\"title visible-title\">Guillotine Glass System Manufacturing Calculations<\/h5>\n\t\t\t\t\t\t<\/div>\n\n\t\t\t\t\t\t<div class=\"overlay\">\n\n\t\t\t\t\t\t\t<section class=\"text\">\n\t\t\t\t\t\t\t\t<h5 class=\"title\"><a href=\"https:\/\/emkapdecor.com\/en\/portfolio\/guillotine-glass-system-manufacturing-calculations\/\" target=\"_self\" rel=\"bookmark\">Guillotine Glass System Manufacturing Calculations<\/a><\/h5>\n\t\t\t\t\t\t\t\t<span class=\"terms\"><a href=\"https:\/\/emkapdecor.com\/en\/portfolio-category\/guillotine-system\/\" rel=\"tag\">Guillotine System<\/a>, <a href=\"https:\/\/emkapdecor.com\/en\/portfolio-category\/technical-videos\/\" rel=\"tag\">Technical Vid<\/a>, <a href=\"https:\/\/emkapdecor.com\/en\/portfolio-category\/videos\/\" rel=\"tag\">Videos<\/a><\/span>\n\t\t\t\t\t\t\t\t\t\t\t\n\t\t\t\t\t\t\t<\/section> \t\n\n\t\t\t\t\t\t\t<a class=\"portfolio-link\" href=\"https:\/\/emkapdecor.com\/en\/portfolio\/guillotine-glass-system-manufacturing-calculations\/\" target=\"_self\"><\/a>\n\n\t\t\t\t\t\t<\/div>\n\n\t\t\t\t\t\t<\/div>\n<\/div> \n<!-- \/ portfolio box-->\n<\/div>\n<div class=\"col col-12 col-sm-4   portfolio-73 portfolio-111 portfolio-90\">\n \n\n<!-- portfolio box-->\n<div class=\"loop style-2 hover-1 video post-5648 portfolio type-portfolio status-publish has-post-thumbnail hentry portfolio_categories-folding-systems portfolio_categories-technical-videos portfolio_categories-videos\" id=\"portfolio-5648\">\n\n\t<div class=\"portfolio-loop-item-wrapper\">\n\t\t\n\n\t\t\t\t\t\t<figure class=\"image-thumbnail\">\n\t\t\t\t\t\t\t<a href=\"https:\/\/emkapdecor.com\/en\/portfolio\/kupa-3-folding-system-assembly-process\/\" target=\"_self\" title=\"KUPA 3 &#8211; Folding System Assembly Process\"><img loading=\"lazy\" decoding=\"async\" src=\"https:\/\/emkapdecor.com\/wp-content\/uploads\/2018\/09\/Cam-Balkon-Montaj-Asamasi-KUPA-3-Katlanir-Sistem-400x267.jpg\" alt=\"Cam Balkon Montaj A\u015famas\u0131 - KUPA 3 Katlan\u0131r Sistem\" class=\"\" width=\"400\" height=\"267\" \/><\/a>\n\t\t\t\t\t\t<\/figure>\n\n\t\t\t\t\t\t<div class=\"visible-title-wrapper\">\n\t\t\t\t\t\t\t<h5 class=\"title visible-title\">KUPA 3 &#8211; Folding System Assembly Process<\/h5>\n\t\t\t\t\t\t<\/div>\n\n\t\t\t\t\t\t<div class=\"overlay\">\n\n\t\t\t\t\t\t\t<section class=\"text\">\n\t\t\t\t\t\t\t\t<h5 class=\"title\"><a href=\"https:\/\/emkapdecor.com\/en\/portfolio\/kupa-3-folding-system-assembly-process\/\" target=\"_self\" rel=\"bookmark\">KUPA 3 &#8211; Folding System Assembly Process<\/a><\/h5>\n\t\t\t\t\t\t\t\t<span class=\"terms\"><a href=\"https:\/\/emkapdecor.com\/en\/portfolio-category\/folding-systems\/\" rel=\"tag\">Folding Systems<\/a>, <a href=\"https:\/\/emkapdecor.com\/en\/portfolio-category\/technical-videos\/\" rel=\"tag\">Technical Vid<\/a>, <a href=\"https:\/\/emkapdecor.com\/en\/portfolio-category\/videos\/\" rel=\"tag\">Videos<\/a><\/span>\n\t\t\t\t\t\t\t\t\t\t\t\n\t\t\t\t\t\t\t<\/section> \t\n\n\t\t\t\t\t\t\t<a class=\"portfolio-link\" href=\"https:\/\/emkapdecor.com\/en\/portfolio\/kupa-3-folding-system-assembly-process\/\" target=\"_self\"><\/a>\n\n\t\t\t\t\t\t<\/div>\n\n\t\t\t\t\t\t<\/div>\n<\/div> \n<!-- \/ portfolio box-->\n<\/div>\n<\/div>\n<\/div>\n<div class=\"paging_wrapper margin-t30 margin-b30\"><ul class='page-numbers'>\n\t<li><span aria-current=\"page\" class=\"page-numbers current\">1<\/span><\/li>\n\t<li><a class=\"page-numbers\" href=\"https:\/\/emkapdecor.com\/en\/wp-json\/wp\/v2\/pages\/7020\/page\/2\/\">2<\/a><\/li>\n\t<li><a class=\"page-numbers\" href=\"https:\/\/emkapdecor.com\/en\/wp-json\/wp\/v2\/pages\/7020\/page\/3\/\">3<\/a><\/li>\n\t<li><a class=\"next page-numbers\" href=\"https:\/\/emkapdecor.com\/en\/wp-json\/wp\/v2\/pages\/7020\/page\/2\/\">next<\/a><\/li>\n<\/ul>\n<\/div>\t\t\t\t<\/div>\n\t\t\t\t<\/div>\n\t\t\t\t\t<\/div>\n\t\t<\/div>\n\t\t\t\t\t<\/div>\n\t\t<\/section>\n\t\t\t\t<\/div>\n\t\t","protected":false},"excerpt":{"rendered":"<p>from Our Exhibitions, Products and Dealers Photo&#038;Video Avrasya Pencere Fuar\u0131 2022 Avrasya Pencere Fuar\u0131 2022 Fuarlar Avrasya Pencere Fuar\u0131 2020 Foto\u011fraflar\u0131 Avrasya Pencere Fuar\u0131 2020 Foto\u011fraflar\u0131 Fuarlar Avrasya Pencere Fuar\u0131 2019 Foto\u011fraflar\u0131 Avrasya Pencere Fuar\u0131 2019 Foto\u011fraflar\u0131 Fuarlar Giyotin Cam Balkon \u0130malat\u0131 | Kupa Is\u0131caml\u0131 Giyotin Sistem \u00dcretim A\u015famas\u0131 Giyotin Cam Balkon \u0130malat\u0131 | Kupa [&hellip;]<\/p>\n","protected":false},"author":1,"featured_media":0,"parent":0,"menu_order":0,"comment_status":"closed","ping_status":"closed","template":"","meta":{"footnotes":""},"class_list":["post-7020","page","type-page","status-publish","hentry"],"_links":{"self":[{"href":"https:\/\/emkapdecor.com\/en\/wp-json\/wp\/v2\/pages\/7020","targetHints":{"allow":["GET"]}}],"collection":[{"href":"https:\/\/emkapdecor.com\/en\/wp-json\/wp\/v2\/pages"}],"about":[{"href":"https:\/\/emkapdecor.com\/en\/wp-json\/wp\/v2\/types\/page"}],"author":[{"embeddable":true,"href":"https:\/\/emkapdecor.com\/en\/wp-json\/wp\/v2\/users\/1"}],"replies":[{"embeddable":true,"href":"https:\/\/emkapdecor.com\/en\/wp-json\/wp\/v2\/comments?post=7020"}],"version-history":[{"count":5,"href":"https:\/\/emkapdecor.com\/en\/wp-json\/wp\/v2\/pages\/7020\/revisions"}],"predecessor-version":[{"id":10242,"href":"https:\/\/emkapdecor.com\/en\/wp-json\/wp\/v2\/pages\/7020\/revisions\/10242"}],"wp:attachment":[{"href":"https:\/\/emkapdecor.com\/en\/wp-json\/wp\/v2\/media?parent=7020"}],"curies":[{"name":"wp","href":"https:\/\/api.w.org\/{rel}","templated":true}]}}