{"id":6970,"date":"2018-02-28T07:53:10","date_gmt":"2018-02-28T07:53:10","guid":{"rendered":"https:\/\/emkapdecor.comblog\/"},"modified":"2025-04-21T21:14:37","modified_gmt":"2025-04-21T18:14:37","slug":"blog","status":"publish","type":"page","link":"https:\/\/emkapdecor.com\/en\/blog\/","title":{"rendered":"BLOG"},"content":{"rendered":"\t\t<div data-elementor-type=\"wp-page\" data-elementor-id=\"6970\" class=\"elementor elementor-6970 elementor-6729\">\n\t\t\t\t\t\t<section class=\"elementor-section elementor-top-section elementor-element elementor-element-9a8fdb4 elementor-section-boxed elementor-section-height-default elementor-section-height-default default-style\" data-id=\"9a8fdb4\" data-element_type=\"section\" data-e-type=\"section\" data-settings=\"{&quot;background_background&quot;:&quot;classic&quot;,&quot;rt_color_sets&quot;:&quot;default-style&quot;}\">\n\t\t\t\t\t\t<div class=\"elementor-container elementor-column-gap-default\">\n\t\t\t\t\t<div class=\"elementor-column elementor-col-100 elementor-top-column elementor-element elementor-element-7ff6e94\" data-id=\"7ff6e94\" data-element_type=\"column\" data-e-type=\"column\">\n\t\t\t<div class=\"elementor-widget-wrap elementor-element-populated\">\n\t\t\t\t\t\t<div class=\"elementor-element elementor-element-18574ae elementor-widget elementor-widget-rt-blog\" data-id=\"18574ae\" data-element_type=\"widget\" data-e-type=\"widget\" data-widget_type=\"rt-blog.default\">\n\t\t\t\t<div class=\"elementor-widget-container\">\n\t\t\t\t\t\n<div id=\"blog-dynamicID-681869\" class=\"blog_list\" data-column-width=\"3\">\n<div class=\"row\">\n<article id=\"10666\" class=\"col blog-loop blog-loop-default col-lg-4 col-12 col-sm-12 post-10666 post type-post status-publish format-standard has-post-thumbnail hentry category-exhibition category-news tag-avrasya-pencere-fuari-en\"><div class=\"post-content-wrapper boxed\">\n \n\n<!-- blog box-->\n\t\t<figure class=\"featured_image featured_media\">\n\t\t<a href=\"https:\/\/emkapdecor.com\/en\/eurasia-window-fair-2024\/\" title=\"We are going to attend to Eurasia Window Fair 2024 as exhibitor\" class=\"imgeffect link featured_image\"><img fetchpriority=\"high\" decoding=\"async\" src=\"https:\/\/emkapdecor.com\/wp-content\/uploads\/2024\/11\/eurasi-window-glass-2024.jpg\" alt=\"eurasi-window-glass-2024\" class=\"\" width=\"600\" height=\"338\" \/><\/a>\t\t\n\t<\/figure> \n\t\n\n\t<div class=\"entry-content text\">\n\n\t\t<!-- blog headline-->\n\t\t<h2 class=\"entry-title\"><a href=\"https:\/\/emkapdecor.com\/en\/eurasia-window-fair-2024\/\" rel=\"bookmark\">We are going to attend to Eurasia Window Fair 2024 as exhibitor<\/a><\/h2> \n \n\t \t\r\n\t\t<!-- meta data -->\r\n\t\t<div class=\"post_data\">\r\n\t\t\t\t\t\t\t\r\n\t\t\t\t\t\t<!-- categories -->\r\n\t\t\t<span class=\"categories\">\r\n\t\t\tin <a href=\"https:\/\/emkapdecor.com\/en\/category\/exhibition\/\" rel=\"category tag\">Exhibitions<\/a>, <a href=\"https:\/\/emkapdecor.com\/en\/category\/news\/\" rel=\"category tag\">News<\/a>\t\t\t\t\r\n\t\t\t<\/span>\r\n\t\t\t\r\n\t\t\t\r\n\t\t\t\t\t\t\r\n\r\n\t\t\t\t\t\t<!-- date -->                                     \r\n\t\t\t<span class=\"date\"><a href=\"https:\/\/emkapdecor.com\/en\/eurasia-window-fair-2024\/\">1 October 2024<\/a><\/span>\r\n\t\t\t\r\n\r\n\t\t<\/div><!-- \/ end div  .post_data -->\r\n\t\t\t\t\t\n\n\t\t<p>We are going to attend Eurasia Window2024 with our new products. You can visit us at\u00a0Hall:2 Booth: 2...<\/p>\t<\/div> \n\n\t<div class=\"entry-footer\">\n\n\t\t<a href=\"https:\/\/emkapdecor.com\/en\/eurasia-window-fair-2024\/\" class=\"entry-read-more\">read more<\/a>\n\t<\/div>\t\n<!-- \/ blog box-->\n<\/div><\/article>\n<article id=\"10062\" class=\"col blog-loop blog-loop-default col-lg-4 col-12 col-sm-12 post-10062 post type-post status-publish format-standard has-post-thumbnail hentry category-exhibition category-news tag-avrasya-pencere-fuari-en\"><div class=\"post-content-wrapper boxed\">\n \n\n<!-- blog box-->\n\t\t<figure class=\"featured_image featured_media\">\n\t\t<a href=\"https:\/\/emkapdecor.com\/en\/eurasia-window-fair-2023\/\" title=\"We are going to attend to Eurasia Window Fair 2023 as exhibitor\" class=\"imgeffect link featured_image\"><img decoding=\"async\" src=\"https:\/\/emkapdecor.com\/wp-content\/uploads\/2023\/10\/eurasi-glass-2023-695x695.jpg\" alt=\"Eurasia Glass 2023\" class=\"\" width=\"695\" height=\"695\" \/><\/a>\t\t\n\t<\/figure> \n\t\n\n\t<div class=\"entry-content text\">\n\n\t\t<!-- blog headline-->\n\t\t<h2 class=\"entry-title\"><a href=\"https:\/\/emkapdecor.com\/en\/eurasia-window-fair-2023\/\" rel=\"bookmark\">We are going to attend to Eurasia Window Fair 2023 as exhibitor<\/a><\/h2> \n \n\t \t\r\n\t\t<!-- meta data -->\r\n\t\t<div class=\"post_data\">\r\n\t\t\t\t\t\t\t\r\n\t\t\t\t\t\t<!-- categories -->\r\n\t\t\t<span class=\"categories\">\r\n\t\t\tin <a href=\"https:\/\/emkapdecor.com\/en\/category\/exhibition\/\" rel=\"category tag\">Exhibitions<\/a>, <a href=\"https:\/\/emkapdecor.com\/en\/category\/news\/\" rel=\"category tag\">News<\/a>\t\t\t\t\r\n\t\t\t<\/span>\r\n\t\t\t\r\n\t\t\t\r\n\t\t\t\t\t\t\r\n\r\n\t\t\t\t\t\t<!-- date -->                                     \r\n\t\t\t<span class=\"date\"><a href=\"https:\/\/emkapdecor.com\/en\/eurasia-window-fair-2023\/\">25 October 2023<\/a><\/span>\r\n\t\t\t\r\n\r\n\t\t<\/div><!-- \/ end div  .post_data -->\r\n\t\t\t\t\t\n\n\t\t<p>We are going to attend Eurasia Window2023 with our new products. You can visit us at&nbsp;Hall:2 Boo...<\/p>\t<\/div> \n\n\t<div class=\"entry-footer\">\n\n\t\t<a href=\"https:\/\/emkapdecor.com\/en\/eurasia-window-fair-2023\/\" class=\"entry-read-more\">read more<\/a>\n\t<\/div>\t\n<!-- \/ blog box-->\n<\/div><\/article>\n<article id=\"6492\" class=\"col blog-loop blog-loop-default col-lg-4 col-12 col-sm-12 post-6492 post type-post status-publish format-standard has-post-thumbnail hentry category-exhibition\"><div class=\"post-content-wrapper boxed\">\n \n\n<!-- blog box-->\n\t\t<figure class=\"featured_image featured_media\">\n\t\t<a href=\"https:\/\/emkapdecor.com\/en\/eurasia-window-2020-photos\/\" title=\"Eurasia Window 2020 Photos\" class=\"imgeffect link featured_image\"><img decoding=\"async\" src=\"https:\/\/emkapdecor.com\/wp-content\/uploads\/2023\/03\/avrasya-cam-balkon-2022-12-1-695x447.jpg\" alt=\"\" class=\"\" width=\"695\" height=\"447\" \/><\/a>\t\t\n\t<\/figure> \n\t\n\n\t<div class=\"entry-content text\">\n\n\t\t<!-- blog headline-->\n\t\t<h2 class=\"entry-title\"><a href=\"https:\/\/emkapdecor.com\/en\/eurasia-window-2020-photos\/\" rel=\"bookmark\">Eurasia Window 2020 Photos<\/a><\/h2> \n \n\t \t\r\n\t\t<!-- meta data -->\r\n\t\t<div class=\"post_data\">\r\n\t\t\t\t\t\t\t\r\n\t\t\t\t\t\t<!-- categories -->\r\n\t\t\t<span class=\"categories\">\r\n\t\t\tin <a href=\"https:\/\/emkapdecor.com\/en\/category\/exhibition\/\" rel=\"category tag\">Exhibitions<\/a>\t\t\t\t\r\n\t\t\t<\/span>\r\n\t\t\t\r\n\t\t\t\r\n\t\t\t\t\t\t\r\n\r\n\t\t\t\t\t\t<!-- date -->                                     \r\n\t\t\t<span class=\"date\"><a href=\"https:\/\/emkapdecor.com\/en\/eurasia-window-2020-photos\/\">7 March 2020<\/a><\/span>\r\n\t\t\t\r\n\r\n\t\t<\/div><!-- \/ end div  .post_data -->\r\n\t\t\t\t\t\n\n\t\t<p>We attended Eurasia Window 2020 with our movable glass systems. We would like to thank to our dealer...<\/p>\t<\/div> \n\n\t<div class=\"entry-footer\">\n\n\t\t<a href=\"https:\/\/emkapdecor.com\/en\/eurasia-window-2020-photos\/\" class=\"entry-read-more\">read more<\/a>\n\t<\/div>\t\n<!-- \/ blog box-->\n<\/div><\/article>\n<\/div>\n<div class=\"row\">\n<article id=\"6224\" class=\"col blog-loop blog-loop-default col-lg-4 col-12 col-sm-12 post-6224 post type-post status-publish format-video has-post-thumbnail hentry category-exhibition category-news tag-avrasya-pencere-fuari-en post_format-post-format-video\"><div class=\"post-content-wrapper boxed\">\n \n\n<!-- blog box-->\n\t\n\t\t<div class=\"featured_video featured_media\">\n\t\t<div class=\"video-container embed-responsive embed-responsive-16by9\"><iframe class=\"embed-responsive-item\" src=\"\/\/www.youtube.com\/embed\/PnTeghgDInM?rel=0&amp;showinfo=0\" allowfullscreen><\/iframe><\/div>\t<\/div> \t\t\n\t\n\t<div class=\"entry-content text\">\n\n\t\t<!-- blog headline-->\n\t\t<h2 class=\"entry-title\"><a href=\"https:\/\/emkapdecor.com\/en\/eurasia-window-fair-2020\/\" rel=\"bookmark\">We are going to attend to Eurasia Window Fair 2020 as exhibitor<\/a><\/h2> \n \n\t \t\r\n\t\t<!-- meta data -->\r\n\t\t<div class=\"post_data\">\r\n\t\t\t\t\t\t\t\r\n\t\t\t\t\t\t<!-- categories -->\r\n\t\t\t<span class=\"categories\">\r\n\t\t\tin <a href=\"https:\/\/emkapdecor.com\/en\/category\/exhibition\/\" rel=\"category tag\">Exhibitions<\/a>, <a href=\"https:\/\/emkapdecor.com\/en\/category\/news\/\" rel=\"category tag\">News<\/a>\t\t\t\t\r\n\t\t\t<\/span>\r\n\t\t\t\r\n\t\t\t\r\n\t\t\t\t\t\t\r\n\r\n\t\t\t\t\t\t<!-- date -->                                     \r\n\t\t\t<span class=\"date\"><a href=\"https:\/\/emkapdecor.com\/en\/eurasia-window-fair-2020\/\">12 February 2020<\/a><\/span>\r\n\t\t\t\r\n\r\n\t\t<\/div><!-- \/ end div  .post_data -->\r\n\t\t\t\t\t\n\n\t\t<p>We are going to attend International Window, Window Shade, Facade Systems &amp; Accessories, Profile...<\/p>\t<\/div> \n\n\t<div class=\"entry-footer\">\n\n\t\t<a href=\"https:\/\/emkapdecor.com\/en\/eurasia-window-fair-2020\/\" class=\"entry-read-more\">read more<\/a>\n\t<\/div>\n\n<!-- \/ blog box-->\n<\/div><\/article>\n<article id=\"6171\" class=\"col blog-loop blog-loop-default col-lg-4 col-12 col-sm-12 post-6171 post type-post status-publish format-standard has-post-thumbnail hentry category-exhibition tag-avrasya-pencere-fuari-en tag-avrasya-pencere-fuari-2019-en tag-eurasia-window tag-eurasia-window-2019\"><div class=\"post-content-wrapper boxed\">\n \n\n<!-- blog box-->\n\t\t<figure class=\"featured_image featured_media\">\n\t\t<a href=\"https:\/\/emkapdecor.com\/en\/photos-from-eurasia-window-2019\/\" title=\"Photos from Eurasia Window 2019\" class=\"imgeffect link featured_image\"><img loading=\"lazy\" decoding=\"async\" src=\"https:\/\/emkapdecor.com\/wp-content\/uploads\/2019\/03\/avrasya-cam-balkon-2019-21-695x456.jpg\" alt=\"\" class=\"\" width=\"695\" height=\"456\" \/><\/a>\t\t\n\t<\/figure> \n\t\n\n\t<div class=\"entry-content text\">\n\n\t\t<!-- blog headline-->\n\t\t<h2 class=\"entry-title\"><a href=\"https:\/\/emkapdecor.com\/en\/photos-from-eurasia-window-2019\/\" rel=\"bookmark\">Photos from Eurasia Window 2019<\/a><\/h2> \n \n\t \t\r\n\t\t<!-- meta data -->\r\n\t\t<div class=\"post_data\">\r\n\t\t\t\t\t\t\t\r\n\t\t\t\t\t\t<!-- categories -->\r\n\t\t\t<span class=\"categories\">\r\n\t\t\tin <a href=\"https:\/\/emkapdecor.com\/en\/category\/exhibition\/\" rel=\"category tag\">Exhibitions<\/a>\t\t\t\t\r\n\t\t\t<\/span>\r\n\t\t\t\r\n\t\t\t\r\n\t\t\t\t\t\t\r\n\r\n\t\t\t\t\t\t<!-- date -->                                     \r\n\t\t\t<span class=\"date\"><a href=\"https:\/\/emkapdecor.com\/en\/photos-from-eurasia-window-2019\/\">27 March 2019<\/a><\/span>\r\n\t\t\t\r\n\r\n\t\t<\/div><!-- \/ end div  .post_data -->\r\n\t\t\t\t\t\n\n\t\t<p>Avrasya Pencere, Cam ve Kap\u0131 Fuar\u0131 2019 foto\u011fraflar\u0131m\u0131z yay\u0131nland\u0131. Galeri sayfam\u0131zda izleyebilirsin...<\/p>\t<\/div> \n\n\t<div class=\"entry-footer\">\n\n\t\t<a href=\"https:\/\/emkapdecor.com\/en\/photos-from-eurasia-window-2019\/\" class=\"entry-read-more\">read more<\/a>\n\t<\/div>\t\n<!-- \/ blog box-->\n<\/div><\/article>\n<article id=\"5775\" class=\"col blog-loop blog-loop-default col-lg-4 col-12 col-sm-12 post-5775 post type-post status-publish format-video has-post-thumbnail hentry category-exhibition category-news post_format-post-format-video\"><div class=\"post-content-wrapper boxed\">\n \n\n<!-- blog box-->\n\t\n\t\t<div class=\"featured_video featured_media\">\n\t\t<div class=\"video-container embed-responsive embed-responsive-16by9\"><iframe class=\"embed-responsive-item\" src=\"\/\/www.youtube.com\/embed\/EX1Re1lnCYk?rel=0&amp;showinfo=0\" allowfullscreen><\/iframe><\/div>\t<\/div> \t\t\n\t\n\t<div class=\"entry-content text\">\n\n\t\t<!-- blog headline-->\n\t\t<h2 class=\"entry-title\"><a href=\"https:\/\/emkapdecor.com\/en\/eurasia-window-glass-door-2019\/\" rel=\"bookmark\">Eurasia Window-Glass-Door 2019<\/a><\/h2> \n \n\t \t\r\n\t\t<!-- meta data -->\r\n\t\t<div class=\"post_data\">\r\n\t\t\t\t\t\t\t\r\n\t\t\t\t\t\t<!-- categories -->\r\n\t\t\t<span class=\"categories\">\r\n\t\t\tin <a href=\"https:\/\/emkapdecor.com\/en\/category\/exhibition\/\" rel=\"category tag\">Exhibitions<\/a>, <a href=\"https:\/\/emkapdecor.com\/en\/category\/news\/\" rel=\"category tag\">News<\/a>\t\t\t\t\r\n\t\t\t<\/span>\r\n\t\t\t\r\n\t\t\t\r\n\t\t\t\t\t\t\r\n\r\n\t\t\t\t\t\t<!-- date -->                                     \r\n\t\t\t<span class=\"date\"><a href=\"https:\/\/emkapdecor.com\/en\/eurasia-window-glass-door-2019\/\">8 March 2019<\/a><\/span>\r\n\t\t\t\r\n\r\n\t\t<\/div><!-- \/ end div  .post_data -->\r\n\t\t\t\t\t\n\n\t\t<p>Let us visit our exhibition . . .<\/p>\t<\/div> \n\n\t<div class=\"entry-footer\">\n\n\t\t<a href=\"https:\/\/emkapdecor.com\/en\/eurasia-window-glass-door-2019\/\" class=\"entry-read-more\">read more<\/a>\n\t<\/div>\n\n<!-- \/ blog box-->\n<\/div><\/article>\n<\/div>\n<\/div>\n<div class=\"paging_wrapper margin-t30 margin-b30\"><ul class='page-numbers'>\n\t<li><span aria-current=\"page\" class=\"page-numbers current\">1<\/span><\/li>\n\t<li><a class=\"page-numbers\" href=\"https:\/\/emkapdecor.com\/en\/wp-json\/wp\/v2\/pages\/6970\/page\/2\/\">2<\/a><\/li>\n\t<li><a class=\"page-numbers\" href=\"https:\/\/emkapdecor.com\/en\/wp-json\/wp\/v2\/pages\/6970\/page\/3\/\">3<\/a><\/li>\n\t<li><a class=\"page-numbers\" href=\"https:\/\/emkapdecor.com\/en\/wp-json\/wp\/v2\/pages\/6970\/page\/4\/\">4<\/a><\/li>\n\t<li><a class=\"next page-numbers\" href=\"https:\/\/emkapdecor.com\/en\/wp-json\/wp\/v2\/pages\/6970\/page\/2\/\">next<\/a><\/li>\n<\/ul>\n<\/div>\t\t\t\t<\/div>\n\t\t\t\t<\/div>\n\t\t\t\t\t<\/div>\n\t\t<\/div>\n\t\t\t\t\t<\/div>\n\t\t<\/section>\n\t\t\t\t<section class=\"elementor-section elementor-top-section elementor-element elementor-element-24990e2d elementor-section-boxed elementor-section-height-default elementor-section-height-default default-style\" data-id=\"24990e2d\" data-element_type=\"section\" data-e-type=\"section\" data-settings=\"{&quot;background_background&quot;:&quot;classic&quot;,&quot;rt_color_sets&quot;:&quot;default-style&quot;}\">\n\t\t\t\t\t\t\t<div class=\"elementor-background-overlay\"><\/div>\n\t\t\t\t\t\t\t<div class=\"elementor-container elementor-column-gap-default\">\n\t\t\t\t\t<div class=\"elementor-column elementor-col-100 elementor-top-column elementor-element elementor-element-50d0aa1c default-style\" data-id=\"50d0aa1c\" data-element_type=\"column\" data-e-type=\"column\" data-settings=\"{&quot;background_background&quot;:&quot;classic&quot;}\">\n\t\t\t<div class=\"elementor-widget-wrap elementor-element-populated\">\n\t\t\t\t\t\t<div class=\"elementor-element elementor-element-4bfe9f20 elementor-widget elementor-widget-rt-heading\" data-id=\"4bfe9f20\" data-element_type=\"widget\" data-e-type=\"widget\" data-widget_type=\"rt-heading.default\">\n\t\t\t\t<div class=\"elementor-widget-container\">\n\t\t\t\t\t<div class=\"rt-heading-wrapper text-center\">\n\t\t\t\t\t\t<H3 class=\"   rt-heading custom-color\" >Information About Balcony Glazing<\/H3>\n\t\t\t\t\t<\/div>\t\t\t\t<\/div>\n\t\t\t\t<\/div>\n\t\t\t\t<div class=\"elementor-element elementor-element-3c494f34 elementor-widget elementor-widget-text-editor\" data-id=\"3c494f34\" data-element_type=\"widget\" data-e-type=\"widget\" data-widget_type=\"text-editor.default\">\n\t\t\t\t<div class=\"elementor-widget-container\">\n\t\t\t\t\t\t\t\t\t<p class=\"p1\"><span class=\"s1\">In addition to our quality products, sharing quality information about our sector is also an important issue. You can contact us about the topics you want us to include in our blog pages.<\/span><\/p>\t\t\t\t\t\t\t\t<\/div>\n\t\t\t\t<\/div>\n\t\t\t\t<div class=\"elementor-element elementor-element-8bc6e25 elementor-align-center elementor-widget elementor-widget-rt-button\" data-id=\"8bc6e25\" data-element_type=\"widget\" data-e-type=\"widget\" data-widget_type=\"rt-button.default\">\n\t\t\t\t<div class=\"elementor-widget-container\">\n\t\t\t\t\t<div class=\"button_wrapper  rounded\"><a href=\"mailto:info@emkapdecor.com\" target=\"_self\" title=\"Suggest a Blog Topic\" class=\"button_  style-1 big heading-font\"><span><span class=\"button-icon rt-elementor-icon icon-mail\"><\/span><span>Suggest a Blog Topic<\/span><\/span><\/a><\/div>\t\t\t\t<\/div>\n\t\t\t\t<\/div>\n\t\t\t\t\t<\/div>\n\t\t<\/div>\n\t\t\t\t\t<\/div>\n\t\t<\/section>\n\t\t\t\t<\/div>\n\t\t","protected":false},"excerpt":{"rendered":"<p>Information About Balcony Glazing In addition to our quality products, sharing quality information about our sector is also an important issue. You can contact us about the topics you want us to include in our blog pages. Suggest a Blog Topic<\/p>\n","protected":false},"author":1,"featured_media":0,"parent":0,"menu_order":0,"comment_status":"closed","ping_status":"closed","template":"","meta":{"footnotes":""},"class_list":["post-6970","page","type-page","status-publish","hentry"],"_links":{"self":[{"href":"https:\/\/emkapdecor.com\/en\/wp-json\/wp\/v2\/pages\/6970","targetHints":{"allow":["GET"]}}],"collection":[{"href":"https:\/\/emkapdecor.com\/en\/wp-json\/wp\/v2\/pages"}],"about":[{"href":"https:\/\/emkapdecor.com\/en\/wp-json\/wp\/v2\/types\/page"}],"author":[{"embeddable":true,"href":"https:\/\/emkapdecor.com\/en\/wp-json\/wp\/v2\/users\/1"}],"replies":[{"embeddable":true,"href":"https:\/\/emkapdecor.com\/en\/wp-json\/wp\/v2\/comments?post=6970"}],"version-history":[{"count":7,"href":"https:\/\/emkapdecor.com\/en\/wp-json\/wp\/v2\/pages\/6970\/revisions"}],"predecessor-version":[{"id":11370,"href":"https:\/\/emkapdecor.com\/en\/wp-json\/wp\/v2\/pages\/6970\/revisions\/11370"}],"wp:attachment":[{"href":"https:\/\/emkapdecor.com\/en\/wp-json\/wp\/v2\/media?parent=6970"}],"curies":[{"name":"wp","href":"https:\/\/api.w.org\/{rel}","templated":true}]}}